{"id":384,"date":"2012-01-03T14:50:07","date_gmt":"2012-01-03T12:50:07","guid":{"rendered":"http:\/\/www.levergerdemesecrits.eu\/Poemier\/"},"modified":"2014-12-05T16:11:25","modified_gmt":"2014-12-05T15:11:25","slug":"videos","status":"publish","type":"page","link":"https:\/\/www.levergerdemesecrits.eu\/Poemier\/videos\/","title":{"rendered":"Vid\u00e9os"},"content":{"rendered":"<p><strong>23 f\u00e9vrier 2011<\/strong><\/p>\n<p><center><br \/>\n<object width=\"425\" height=\"350\" data=\"http:\/\/youtube.com\/v\/OVg6QpMPqsc\" type=\"application\/x-shockwave-flash\"><param name=\"movie\" value=\"http:\/\/youtube.com\/v\/OVg6QpMPqsc\" \/><\/object><\/center><\/p>\n<p><strong>09 Avril 2011<\/strong> : Le soleil revient dans ma vie .<br \/>\n<center><br \/>\n<object width=\"425\" height=\"350\" data=\"http:\/\/youtube.com\/v\/TpDtV8j6e7k\" type=\"application\/x-shockwave-flash\"><param name=\"movie\" value=\"http:\/\/youtube.com\/v\/TpDtV8j6e7k\" \/><\/object><br \/>\n<\/center><br \/>\n<strong>11 d\u00e9cembre 2011<\/strong><br \/>\n<center><br \/>\n<span style=\"color: #660000; font-family: Monotype Corsiva,Book Antiqua; font-size: large;\"><br \/>\nNotre Amour est n\u00e9 par sms<br \/>\nC&rsquo;\u00e9tait un Amour tendresse.D\u00e9teste moi ,<br \/>\nMoi, qui jamais je ne t&rsquo;oublierai<\/span><br \/>\n<br \/>\n<iframe loading=\"lazy\" title=\"Jean Louis Aubert   Voila c&#039;est fini Z\u00e9nith 93\" width=\"640\" height=\"480\" src=\"https:\/\/www.youtube.com\/embed\/kbbi56_A-NE?feature=oembed\" frameborder=\"0\" allow=\"accelerometer; autoplay; clipboard-write; encrypted-media; gyroscope; picture-in-picture; web-share\" referrerpolicy=\"strict-origin-when-cross-origin\" allowfullscreen><\/iframe><br \/>\n<br \/>\n<\/center><br \/>\n<br \/>\n<strong>21 janvier 2012 :<\/strong> Sans toi, je sais pas.<br \/>\n<center><br \/>\n<span style=\"color: #660000; font-family: Monotype Corsiva,Book Antiqua; font-size: large;\"><br \/>\nParce que nous ne pouvons nous oublier &#8230; <\/span><br \/>\n<object width=\"425\" height=\"350\" data=\"http:\/\/youtube.com\/v\/MV3kdZWzhO4\" type=\"application\/x-shockwave-flash\"><param name=\"movie\" value=\"http:\/\/youtube.com\/v\/MV3kdZWzhO4\" \/><\/object><br \/>\n<\/center><br \/>\n<strong>18 Ao\u00fbt 2012<\/strong> On aura fait de notre mieux . . .<br \/>\n<center><br \/>\n<span style=\"color: #660000; font-family: Monotype Corsiva,Book Antiqua; font-size: large;\"><br \/>\nNotre histoire s&rsquo;est termin\u00e9e par sms,<br \/>\nA coup de mots qui blessent.<br \/>\nPardonne moi mon Amour.<br \/>\n<\/span><br \/>\n<object width=\"425\" height=\"350\" data=\"http:\/\/youtube.com\/v\/LIDam3mSuOE\" type=\"application\/x-shockwave-flash\"><param name=\"movie\" value=\"http:\/\/www.youtube.com\/v\/LIDam3mSuOE\" \/><\/object><\/p>\n<p>https:\/\/www.youtube.com\/watch?v=s31O2vbByeQ<\/p>\n<p><\/center><br \/>\n&nbsp;<\/p>\n","protected":false},"excerpt":{"rendered":"<p>23 f\u00e9vrier 2011 09 Avril 2011 : Le soleil revient dans ma vie . 11 d\u00e9cembre 2011 Notre Amour est n\u00e9 par sms C&rsquo;\u00e9tait un Amour tendresse.D\u00e9teste moi , Moi, qui jamais je ne t&rsquo;oublierai 21 janvier 2012 : Sans &hellip; <a href=\"https:\/\/www.levergerdemesecrits.eu\/Poemier\/videos\/\">Continuer la lecture <span class=\"meta-nav\">&rarr;<\/span><\/a><\/p>\n","protected":false},"author":1,"featured_media":0,"parent":0,"menu_order":0,"comment_status":"open","ping_status":"open","template":"","meta":{"footnotes":""},"class_list":["post-384","page","type-page","status-publish","hentry"],"_links":{"self":[{"href":"https:\/\/www.levergerdemesecrits.eu\/Poemier\/wp-json\/wp\/v2\/pages\/384","targetHints":{"allow":["GET"]}}],"collection":[{"href":"https:\/\/www.levergerdemesecrits.eu\/Poemier\/wp-json\/wp\/v2\/pages"}],"about":[{"href":"https:\/\/www.levergerdemesecrits.eu\/Poemier\/wp-json\/wp\/v2\/types\/page"}],"author":[{"embeddable":true,"href":"https:\/\/www.levergerdemesecrits.eu\/Poemier\/wp-json\/wp\/v2\/users\/1"}],"replies":[{"embeddable":true,"href":"https:\/\/www.levergerdemesecrits.eu\/Poemier\/wp-json\/wp\/v2\/comments?post=384"}],"version-history":[{"count":41,"href":"https:\/\/www.levergerdemesecrits.eu\/Poemier\/wp-json\/wp\/v2\/pages\/384\/revisions"}],"predecessor-version":[{"id":1517,"href":"https:\/\/www.levergerdemesecrits.eu\/Poemier\/wp-json\/wp\/v2\/pages\/384\/revisions\/1517"}],"wp:attachment":[{"href":"https:\/\/www.levergerdemesecrits.eu\/Poemier\/wp-json\/wp\/v2\/media?parent=384"}],"curies":[{"name":"wp","href":"https:\/\/api.w.org\/{rel}","templated":true}]}}