{"id":430,"date":"2012-01-03T14:53:00","date_gmt":"2012-01-03T12:53:00","guid":{"rendered":"http:\/\/www.levergerdemesecrits.eu\/Poemier\/"},"modified":"2015-06-17T15:58:36","modified_gmt":"2015-06-17T14:58:36","slug":"citations","status":"publish","type":"page","link":"https:\/\/www.levergerdemesecrits.eu\/Poemier\/citations\/","title":{"rendered":"Citations"},"content":{"rendered":"<p>Quelques citations que j&rsquo;aime et me touchent, ou m\u00eame que j&rsquo;ai \u00e9crite moi-m\u00eame.<\/p>\n<p>Retrouver mes petites histoires coquines, mes Eclats de plumes et autres jets litt\u00e9raires sur <a href=\"http:\/\/www.levergerdemesecrits.eu\/Fruits\/\">Mes Fruits D\u00e9fendus<\/a><\/p>\n<blockquote><p>\u00c9crire c&rsquo;est empoigner sa souffrance, la regarder en face et la clouer sur la croix. Et apr\u00e8s, on s&rsquo;en fout d&rsquo;\u00eatre gu\u00e9ri ou pas, on a pris sa revanche.\u00a0\u00bb<\/p><\/blockquote>\n<p><strong>Katherine Pancol<\/strong> &#8211; <a href=\"http:\/\/www.babelio.com\/livres\/Pancol-Les-yeux-jaunes-des-crocodiles\/10062\">Les yeux jaunes des crocodiles<\/a><\/p>\n<blockquote><p>\u00ab\u00a0Celui qui prend des risques peut perdre, celui qui n&rsquo;en prend pas perd toujours.\u00a0\u00bb<\/p><\/blockquote>\n<p><strong>Xavier Tartacover<\/strong><\/p>\n<blockquote><p>\u00ab\u00a0On ne peut pas \u00e9crire \u00a0\u00bb iL \u00a0\u00bb sans \u00a0\u00bb L\u00a0\u00bb , parce que IL ne peut pas vivre sans ELLE \ud83d\ude09\u00a0\u00bb<\/p><\/blockquote>\n<p><strong>Anonyme<\/strong><\/p>\n<blockquote><p>\u00ab\u00a0Si regarder derri\u00e8re toi te fait pleurer sans fin,<br \/>\nSi regarder devant toi, te fais peur<br \/>\nRegarde \u00e0 c\u00f4t\u00e9 de toi, il y a des fleurs<br \/>\nEt puis il y a moi, qui te tends la main.\u00a0\u00bb<\/p><\/blockquote>\n<p><strong>Didier Seha<\/strong><\/p>\n<blockquote><p>\u00ab\u00a0Blesser quelqu&rsquo;un et lui demander de ne pas pleurer, c&rsquo;est comme couper un arbre et lui demander de ne pas tomber&#8230;!\u00a0\u00bb<\/p><\/blockquote>\n<p><strong>Inconnu<\/strong><\/p>\n<p>\u00ab\u00a0Qui jamais ne connut ce qu&rsquo;est l&rsquo;amour, n&rsquo;a jamais pu savoir ce qu&rsquo;est la peine\u00a0\u00bb<br \/>\nThomas d\u2019Angleterre &#8211; Tristan et Yseult<\/p>\n<blockquote><p>\u00ab\u00a0La gentillesse est le langage qu&rsquo;un sourd peut entendre et qu&rsquo;un aveugle peut voir\u00a0\u00bb<\/p><\/blockquote>\n<p><strong>Mark Twain<\/strong><\/p>\n<blockquote><p>\u00ab\u00a0Dans mon dictionnaire des rimes,<br \/>\nSilence rime avec souffrance,<br \/>\nEt  Amour avec d\u00e9prime \u00ab\u00a0<\/p><\/blockquote>\n<p><strong>Didier SEHA &#038; Renaud s\u00e9chan (la vie me pique les yeux)<\/strong> <\/p>\n<blockquote><p>\u00ab\u00a0Si tu veux \u00eatre le jardinier de son coeur, attends toi \u00e0 prendre un rateau apr\u00e8s lui avoir roul\u00e9 une pelle en faisant la brouette &#8230; Personne n&rsquo;est \u00e0 l&rsquo;abri de tr\u00e9bucher et de tomber dans le gazon ! \u00ab\u00a0<\/p><\/blockquote>\n<p><strong>Didier SEHA -tant qu&rsquo;on a que l&rsquo;humour &#8230;<\/strong> <\/p>\n<blockquote><p>\u00ab\u00a0Chaumi\u00e8re o\u00f9 l&rsquo;on rit, vaut mieux que palais o\u00f9 l&rsquo;on pleure.\u00a0\u00bb<\/p><\/blockquote>\n<p><strong>Proverbe Chinois<\/strong><\/p>\n<blockquote><p>\u00ab\u00a0L&rsquo;amiti\u00e9 finit parfois en amour, mais rarement l&rsquo;amour en amiti\u00e9.\u00a0\u00bb <\/p><\/blockquote>\n<p><strong>Charles Caleb Colton<\/strong><\/p>\n<blockquote><p>\u00abL&rsquo;\u00e9rotisme est l&rsquo;une des bases de la connaissance de soi, aussi indispensable que la po\u00e9sie.\u00bb<\/p><\/blockquote>\n<p> <strong>Ana\u00efs Nin   &#8211; Extrait d\u2019 Etre une femme et autres essais<\/strong><\/p>\n<blockquote><p>\u00ab\u00a0On n&rsquo;\u00e9crit pas la chance qu&rsquo;on a<br \/>\nPas de chanson d&rsquo;amour quand on en a<br \/>\nVoil\u00e0 pourquoi, mon amour<br \/>\nJe n&rsquo;\u00e9crivais plus rien sur toi<br \/>\nRassure-toi\u00a0\u00bb<\/p><\/blockquote>\n<p><strong>Zazie &#8211;  Sur toi<\/strong><\/p>\n<blockquote><p>\u00ab\u00a0Se retrouver sur les grands encombrants,<br \/>\nEtre balayer par un simple coup de vent,<br \/>\nL&rsquo;Amour d\u00e9truit est terriblement cruel<br \/>\nMais le martyr est de devoir vivre sans Elle.\u00a0\u00bb<\/p><\/blockquote>\n<p><strong>Didier SEHA<\/strong><\/p>\n<blockquote><p>\u00ab\u00a0Et les gens, peut-\u00eatre<br \/>\nDiront : ces deux-l\u00e0<br \/>\nRom\u00e9o, Juliette<br \/>\nS&rsquo;aimaient moins que \u00e7a\u00a0\u00bb<\/p><\/blockquote>\n<p><strong>Renaud S\u00e9chan<\/strong><\/p>\n","protected":false},"excerpt":{"rendered":"<p>Quelques citations que j&rsquo;aime et me touchent, ou m\u00eame que j&rsquo;ai \u00e9crite moi-m\u00eame. Retrouver mes petites histoires coquines, mes Eclats de plumes et autres jets litt\u00e9raires sur Mes Fruits D\u00e9fendus \u00c9crire c&rsquo;est empoigner sa souffrance, la regarder en face et &hellip; <a href=\"https:\/\/www.levergerdemesecrits.eu\/Poemier\/citations\/\">Continuer la lecture <span class=\"meta-nav\">&rarr;<\/span><\/a><\/p>\n","protected":false},"author":1,"featured_media":0,"parent":0,"menu_order":0,"comment_status":"open","ping_status":"open","template":"","meta":{"footnotes":""},"class_list":["post-430","page","type-page","status-publish","hentry"],"_links":{"self":[{"href":"https:\/\/www.levergerdemesecrits.eu\/Poemier\/wp-json\/wp\/v2\/pages\/430","targetHints":{"allow":["GET"]}}],"collection":[{"href":"https:\/\/www.levergerdemesecrits.eu\/Poemier\/wp-json\/wp\/v2\/pages"}],"about":[{"href":"https:\/\/www.levergerdemesecrits.eu\/Poemier\/wp-json\/wp\/v2\/types\/page"}],"author":[{"embeddable":true,"href":"https:\/\/www.levergerdemesecrits.eu\/Poemier\/wp-json\/wp\/v2\/users\/1"}],"replies":[{"embeddable":true,"href":"https:\/\/www.levergerdemesecrits.eu\/Poemier\/wp-json\/wp\/v2\/comments?post=430"}],"version-history":[{"count":6,"href":"https:\/\/www.levergerdemesecrits.eu\/Poemier\/wp-json\/wp\/v2\/pages\/430\/revisions"}],"predecessor-version":[{"id":1795,"href":"https:\/\/www.levergerdemesecrits.eu\/Poemier\/wp-json\/wp\/v2\/pages\/430\/revisions\/1795"}],"wp:attachment":[{"href":"https:\/\/www.levergerdemesecrits.eu\/Poemier\/wp-json\/wp\/v2\/media?parent=430"}],"curies":[{"name":"wp","href":"https:\/\/api.w.org\/{rel}","templated":true}]}}